{"id":2457,"date":"2021-02-02T21:36:16","date_gmt":"2021-02-03T00:36:16","guid":{"rendered":"https:\/\/wordpress.autopostorainhadapaz.com.br\/?page_id=2457"},"modified":"2021-02-02T21:36:16","modified_gmt":"2021-02-03T00:36:16","slug":"ultimas-noticias","status":"publish","type":"page","link":"https:\/\/teste.portalentorno.com.br\/index.php\/ultimas-noticias\/","title":{"rendered":"\u00daltimas Not\u00edcias"},"content":{"rendered":"","protected":false},"excerpt":{"rendered":"","protected":false},"author":1,"featured_media":0,"parent":0,"menu_order":0,"comment_status":"closed","ping_status":"closed","template":"","meta":{"footnotes":""},"class_list":["post-2457","page","type-page","status-publish","hentry"],"yoast_head":"<!-- This site is optimized with the Yoast SEO Premium plugin v21.7 (Yoast SEO v21.7) - https:\/\/yoast.com\/wordpress\/plugins\/seo\/ -->\n<title>\u00daltimas Not\u00edcias - Cidade Ocidental, Valpariaso de Goi\u00e1s, Luzi\u00e2nia, Bras\u00edlia, DF, GO<\/title>\n<meta name=\"description\" content=\"Acompanhe as \u00faltimas not\u00edcias al\u00e9m de tudo sobre esportes e entretenimento. Conhe\u00e7a o conte\u00fado e os servi\u00e7os do Portal Entorno\" \/>\n<meta name=\"robots\" content=\"index, follow, max-snippet:-1, max-image-preview:large, max-video-preview:-1\" \/>\n<link rel=\"canonical\" href=\"https:\/\/teste.portalentorno.com.br\/index.php\/ultimas-noticias\/\" \/>\n<meta property=\"og:locale\" content=\"pt_BR\" \/>\n<meta property=\"og:type\" content=\"article\" \/>\n<meta property=\"og:title\" content=\"\u00daltimas Not\u00edcias\" \/>\n<meta property=\"og:description\" content=\"Acompanhe as \u00faltimas not\u00edcias al\u00e9m de tudo sobre esportes e entretenimento. Conhe\u00e7a o conte\u00fado e os servi\u00e7os do Portal Entorno\" \/>\n<meta property=\"og:url\" content=\"https:\/\/teste.portalentorno.com.br\/index.php\/ultimas-noticias\/\" \/>\n<meta property=\"og:site_name\" content=\"ColorMag Dark\" \/>\n<meta property=\"article:publisher\" content=\"https:\/\/www.facebook.com.br\/portalentorno\" \/>\n<meta name=\"twitter:card\" content=\"summary_large_image\" \/>\n<meta name=\"twitter:site\" content=\"@portalentorno\" \/>\n<script type=\"application\/ld+json\" class=\"yoast-schema-graph\">{\"@context\":\"https:\/\/schema.org\",\"@graph\":[{\"@type\":\"WebPage\",\"@id\":\"https:\/\/teste.portalentorno.com.br\/index.php\/ultimas-noticias\/\",\"url\":\"https:\/\/teste.portalentorno.com.br\/index.php\/ultimas-noticias\/\",\"name\":\"\u00daltimas Not\u00edcias - Cidade Ocidental, Valpariaso de Goi\u00e1s, Luzi\u00e2nia, Bras\u00edlia, DF, GO\",\"isPartOf\":{\"@id\":\"https:\/\/teste.portalentorno.com.br\/#website\"},\"datePublished\":\"2021-02-03T00:36:16+00:00\",\"dateModified\":\"2021-02-03T00:36:16+00:00\",\"description\":\"Acompanhe as \u00faltimas not\u00edcias al\u00e9m de tudo sobre esportes e entretenimento. Conhe\u00e7a o conte\u00fado e os servi\u00e7os do Portal Entorno\",\"breadcrumb\":{\"@id\":\"https:\/\/teste.portalentorno.com.br\/index.php\/ultimas-noticias\/#breadcrumb\"},\"inLanguage\":\"pt-BR\",\"potentialAction\":[{\"@type\":\"ReadAction\",\"target\":[\"https:\/\/teste.portalentorno.com.br\/index.php\/ultimas-noticias\/\"]}]},{\"@type\":\"BreadcrumbList\",\"@id\":\"https:\/\/teste.portalentorno.com.br\/index.php\/ultimas-noticias\/#breadcrumb\",\"itemListElement\":[{\"@type\":\"ListItem\",\"position\":1,\"name\":\"In\u00edcio\",\"item\":\"https:\/\/teste.portalentorno.com.br\/index.php\/home-2\/\"},{\"@type\":\"ListItem\",\"position\":2,\"name\":\"\u00daltimas Not\u00edcias\"}]},{\"@type\":\"WebSite\",\"@id\":\"https:\/\/teste.portalentorno.com.br\/#website\",\"url\":\"https:\/\/teste.portalentorno.com.br\/\",\"name\":\"Portal Entorno\",\"description\":\"\",\"publisher\":{\"@id\":\"https:\/\/teste.portalentorno.com.br\/#organization\"},\"potentialAction\":[{\"@type\":\"SearchAction\",\"target\":{\"@type\":\"EntryPoint\",\"urlTemplate\":\"https:\/\/teste.portalentorno.com.br\/?s={search_term_string}\"},\"query-input\":\"required name=search_term_string\"}],\"inLanguage\":\"pt-BR\"},{\"@type\":\"Organization\",\"@id\":\"https:\/\/teste.portalentorno.com.br\/#organization\",\"name\":\"Portal Entorno\",\"url\":\"https:\/\/teste.portalentorno.com.br\/\",\"logo\":{\"@type\":\"ImageObject\",\"inLanguage\":\"pt-BR\",\"@id\":\"https:\/\/teste.portalentorno.com.br\/#\/schema\/logo\/image\/\",\"url\":\"https:\/\/teste.portalentorno.com.br\/wp-content\/uploads\/2023\/12\/logo_branco_novo_transp.png\",\"contentUrl\":\"https:\/\/teste.portalentorno.com.br\/wp-content\/uploads\/2023\/12\/logo_branco_novo_transp.png\",\"width\":256,\"height\":90,\"caption\":\"Portal Entorno\"},\"image\":{\"@id\":\"https:\/\/teste.portalentorno.com.br\/#\/schema\/logo\/image\/\"},\"sameAs\":[\"https:\/\/www.facebook.com.br\/portalentorno\",\"https:\/\/twitter.com\/portalentorno\",\"https:\/\/instagram.com\/portalentorno\"]}]}<\/script>\n<!-- \/ Yoast SEO Premium plugin. -->","yoast_head_json":{"title":"\u00daltimas Not\u00edcias - Cidade Ocidental, Valpariaso de Goi\u00e1s, Luzi\u00e2nia, Bras\u00edlia, DF, GO","description":"Acompanhe as \u00faltimas not\u00edcias al\u00e9m de tudo sobre esportes e entretenimento. Conhe\u00e7a o conte\u00fado e os servi\u00e7os do Portal Entorno","robots":{"index":"index","follow":"follow","max-snippet":"max-snippet:-1","max-image-preview":"max-image-preview:large","max-video-preview":"max-video-preview:-1"},"canonical":"https:\/\/teste.portalentorno.com.br\/index.php\/ultimas-noticias\/","og_locale":"pt_BR","og_type":"article","og_title":"\u00daltimas Not\u00edcias","og_description":"Acompanhe as \u00faltimas not\u00edcias al\u00e9m de tudo sobre esportes e entretenimento. Conhe\u00e7a o conte\u00fado e os servi\u00e7os do Portal Entorno","og_url":"https:\/\/teste.portalentorno.com.br\/index.php\/ultimas-noticias\/","og_site_name":"ColorMag Dark","article_publisher":"https:\/\/www.facebook.com.br\/portalentorno","twitter_card":"summary_large_image","twitter_site":"@portalentorno","schema":{"@context":"https:\/\/schema.org","@graph":[{"@type":"WebPage","@id":"https:\/\/teste.portalentorno.com.br\/index.php\/ultimas-noticias\/","url":"https:\/\/teste.portalentorno.com.br\/index.php\/ultimas-noticias\/","name":"\u00daltimas Not\u00edcias - Cidade Ocidental, Valpariaso de Goi\u00e1s, Luzi\u00e2nia, Bras\u00edlia, DF, GO","isPartOf":{"@id":"https:\/\/teste.portalentorno.com.br\/#website"},"datePublished":"2021-02-03T00:36:16+00:00","dateModified":"2021-02-03T00:36:16+00:00","description":"Acompanhe as \u00faltimas not\u00edcias al\u00e9m de tudo sobre esportes e entretenimento. Conhe\u00e7a o conte\u00fado e os servi\u00e7os do Portal Entorno","breadcrumb":{"@id":"https:\/\/teste.portalentorno.com.br\/index.php\/ultimas-noticias\/#breadcrumb"},"inLanguage":"pt-BR","potentialAction":[{"@type":"ReadAction","target":["https:\/\/teste.portalentorno.com.br\/index.php\/ultimas-noticias\/"]}]},{"@type":"BreadcrumbList","@id":"https:\/\/teste.portalentorno.com.br\/index.php\/ultimas-noticias\/#breadcrumb","itemListElement":[{"@type":"ListItem","position":1,"name":"In\u00edcio","item":"https:\/\/teste.portalentorno.com.br\/index.php\/home-2\/"},{"@type":"ListItem","position":2,"name":"\u00daltimas Not\u00edcias"}]},{"@type":"WebSite","@id":"https:\/\/teste.portalentorno.com.br\/#website","url":"https:\/\/teste.portalentorno.com.br\/","name":"Portal Entorno","description":"","publisher":{"@id":"https:\/\/teste.portalentorno.com.br\/#organization"},"potentialAction":[{"@type":"SearchAction","target":{"@type":"EntryPoint","urlTemplate":"https:\/\/teste.portalentorno.com.br\/?s={search_term_string}"},"query-input":"required name=search_term_string"}],"inLanguage":"pt-BR"},{"@type":"Organization","@id":"https:\/\/teste.portalentorno.com.br\/#organization","name":"Portal Entorno","url":"https:\/\/teste.portalentorno.com.br\/","logo":{"@type":"ImageObject","inLanguage":"pt-BR","@id":"https:\/\/teste.portalentorno.com.br\/#\/schema\/logo\/image\/","url":"https:\/\/teste.portalentorno.com.br\/wp-content\/uploads\/2023\/12\/logo_branco_novo_transp.png","contentUrl":"https:\/\/teste.portalentorno.com.br\/wp-content\/uploads\/2023\/12\/logo_branco_novo_transp.png","width":256,"height":90,"caption":"Portal Entorno"},"image":{"@id":"https:\/\/teste.portalentorno.com.br\/#\/schema\/logo\/image\/"},"sameAs":["https:\/\/www.facebook.com.br\/portalentorno","https:\/\/twitter.com\/portalentorno","https:\/\/instagram.com\/portalentorno"]}]}},"_links":{"self":[{"href":"https:\/\/teste.portalentorno.com.br\/index.php\/wp-json\/wp\/v2\/pages\/2457","targetHints":{"allow":["GET"]}}],"collection":[{"href":"https:\/\/teste.portalentorno.com.br\/index.php\/wp-json\/wp\/v2\/pages"}],"about":[{"href":"https:\/\/teste.portalentorno.com.br\/index.php\/wp-json\/wp\/v2\/types\/page"}],"author":[{"embeddable":true,"href":"https:\/\/teste.portalentorno.com.br\/index.php\/wp-json\/wp\/v2\/users\/1"}],"replies":[{"embeddable":true,"href":"https:\/\/teste.portalentorno.com.br\/index.php\/wp-json\/wp\/v2\/comments?post=2457"}],"version-history":[{"count":0,"href":"https:\/\/teste.portalentorno.com.br\/index.php\/wp-json\/wp\/v2\/pages\/2457\/revisions"}],"wp:attachment":[{"href":"https:\/\/teste.portalentorno.com.br\/index.php\/wp-json\/wp\/v2\/media?parent=2457"}],"curies":[{"name":"wp","href":"https:\/\/api.w.org\/{rel}","templated":true}]}}