{"id":2654,"date":"2021-04-04T21:44:17","date_gmt":"2021-04-05T00:44:17","guid":{"rendered":"https:\/\/wordpress.autopostorainhadapaz.com.br\/?page_id=2654"},"modified":"2021-04-04T21:44:17","modified_gmt":"2021-04-05T00:44:17","slug":"coronavirus","status":"publish","type":"page","link":"https:\/\/teste.portalentorno.com.br\/index.php\/noticias\/coronavirus\/","title":{"rendered":"Coronav\u00edrus"},"content":{"rendered":"\t\t<div data-elementor-type=\"wp-page\" data-elementor-id=\"2654\" class=\"elementor elementor-2654\" data-elementor-post-type=\"page\">\n\t\t\t\t\t\t\t\t\t<section class=\"elementor-section elementor-top-section elementor-element elementor-element-d475bd7 elementor-section-boxed elementor-section-height-default elementor-section-height-default\" data-id=\"d475bd7\" data-element_type=\"section\">\n\t\t\t\t\t\t<div class=\"elementor-container elementor-column-gap-default\">\n\t\t\t\t\t<div class=\"elementor-column elementor-col-100 elementor-top-column elementor-element elementor-element-3589521\" data-id=\"3589521\" data-element_type=\"column\">\n\t\t\t<div class=\"elementor-widget-wrap elementor-element-populated\">\n\t\t\t\t\t\t\t\t<div class=\"elementor-element elementor-element-4d3a612 elementor-widget elementor-widget-ColorMag-Posts-Block-2\" data-id=\"4d3a612\" data-element_type=\"widget\" data-widget_type=\"ColorMag-Posts-Block-2.default\">\n\t\t\t\t<div class=\"elementor-widget-container\">\n\t\t\t\r\n\t\t<div class=\"tg-module-block tg-module-wrapper tg-module-block--style-2 tg-fade-in\">\r\n\t\t\t\r\n\t\t<div class=\"tg-module-title-wrap\">\r\n\t\t\t<h4 class=\"module-title\">\r\n\t\t\t\t<span>\r\n\t\t\t\t\tCORONAV\u00cdRUS\t\t\t\t<\/span>\r\n\t\t\t<\/h4>\r\n\t\t<\/div><!-- tg-module-title-wrap -->\r\n\r\n\t\t\r\n\t\t\t<div class=\"tg-row\">\r\n\t\t\t\t\t\t\t<\/div>\r\n\t\t<\/div>\r\n\r\n\t\t\t\t<\/div>\n\t\t\t\t<\/div>\n\t\t\t\t\t<\/div>\n\t\t<\/div>\n\t\t\t\t\t\t\t<\/div>\n\t\t<\/section>\n\t\t\t\t\t\t\t<\/div>\n\t\t","protected":false},"excerpt":{"rendered":"<p>CORONAV\u00cdRUS Coronav\u00edrus&nbsp;Mundo&nbsp;News&nbsp; dr. Albert Dickson: A culpa da hepatite medicamentosa \u00e9 da nova cepa n\u00e3o do kit Covid 4 de<\/p>\n","protected":false},"author":1,"featured_media":0,"parent":5284,"menu_order":0,"comment_status":"closed","ping_status":"closed","template":"elementor_header_footer","meta":{"footnotes":""},"class_list":["post-2654","page","type-page","status-publish","hentry"],"yoast_head":"<!-- This site is optimized with the Yoast SEO Premium plugin v21.7 (Yoast SEO v21.7) - https:\/\/yoast.com\/wordpress\/plugins\/seo\/ -->\n<title>Coronav\u00edrus<\/title>\n<meta name=\"description\" content=\"A atividade f\u00edsica aumenta em at\u00e9 8 vezes as chances de sobreviv\u00eancia em compara\u00e7\u00e3o com pessoas sedent\u00e1rias.\" \/>\n<meta name=\"robots\" content=\"index, follow, max-snippet:-1, max-image-preview:large, max-video-preview:-1\" \/>\n<link rel=\"canonical\" href=\"https:\/\/teste.portalentorno.com.br\/index.php\/noticias\/coronavirus\/\" \/>\n<meta property=\"og:locale\" content=\"pt_BR\" \/>\n<meta property=\"og:type\" content=\"article\" \/>\n<meta property=\"og:title\" content=\"Coronav\u00edrus\" \/>\n<meta property=\"og:description\" content=\"A atividade f\u00edsica aumenta em at\u00e9 8 vezes as chances de sobreviv\u00eancia em compara\u00e7\u00e3o com pessoas sedent\u00e1rias.\" \/>\n<meta property=\"og:url\" content=\"https:\/\/teste.portalentorno.com.br\/index.php\/noticias\/coronavirus\/\" \/>\n<meta property=\"og:site_name\" content=\"ColorMag Dark\" \/>\n<meta property=\"article:publisher\" content=\"https:\/\/www.facebook.com.br\/portalentorno\" \/>\n<meta property=\"og:image\" content=\"https:\/\/wordpress.autopostorainhadapaz.com.br\/wp-content\/uploads\/2021\/04\/hepatite-392x272.png\" \/>\n<meta name=\"twitter:card\" content=\"summary_large_image\" \/>\n<meta name=\"twitter:site\" content=\"@portalentorno\" \/>\n<meta name=\"twitter:label1\" content=\"Est. tempo de leitura\" \/>\n\t<meta name=\"twitter:data1\" content=\"6 minutos\" \/>\n<script type=\"application\/ld+json\" class=\"yoast-schema-graph\">{\"@context\":\"https:\/\/schema.org\",\"@graph\":[{\"@type\":\"WebPage\",\"@id\":\"https:\/\/teste.portalentorno.com.br\/index.php\/noticias\/coronavirus\/\",\"url\":\"https:\/\/teste.portalentorno.com.br\/index.php\/noticias\/coronavirus\/\",\"name\":\"Coronav\u00edrus\",\"isPartOf\":{\"@id\":\"https:\/\/teste.portalentorno.com.br\/#website\"},\"datePublished\":\"2021-04-05T00:44:17+00:00\",\"dateModified\":\"2021-04-05T00:44:17+00:00\",\"description\":\"A atividade f\u00edsica aumenta em at\u00e9 8 vezes as chances de sobreviv\u00eancia em compara\u00e7\u00e3o com pessoas sedent\u00e1rias.\",\"breadcrumb\":{\"@id\":\"https:\/\/teste.portalentorno.com.br\/index.php\/noticias\/coronavirus\/#breadcrumb\"},\"inLanguage\":\"pt-BR\",\"potentialAction\":[{\"@type\":\"ReadAction\",\"target\":[\"https:\/\/teste.portalentorno.com.br\/index.php\/noticias\/coronavirus\/\"]}]},{\"@type\":\"BreadcrumbList\",\"@id\":\"https:\/\/teste.portalentorno.com.br\/index.php\/noticias\/coronavirus\/#breadcrumb\",\"itemListElement\":[{\"@type\":\"ListItem\",\"position\":1,\"name\":\"In\u00edcio\",\"item\":\"https:\/\/teste.portalentorno.com.br\/index.php\/home-2\/\"},{\"@type\":\"ListItem\",\"position\":2,\"name\":\"Not\u00edcias\",\"item\":\"https:\/\/teste.portalentorno.com.br\/index.php\/noticias\/\"},{\"@type\":\"ListItem\",\"position\":3,\"name\":\"Coronav\u00edrus\"}]},{\"@type\":\"WebSite\",\"@id\":\"https:\/\/teste.portalentorno.com.br\/#website\",\"url\":\"https:\/\/teste.portalentorno.com.br\/\",\"name\":\"Portal Entorno\",\"description\":\"\",\"publisher\":{\"@id\":\"https:\/\/teste.portalentorno.com.br\/#organization\"},\"potentialAction\":[{\"@type\":\"SearchAction\",\"target\":{\"@type\":\"EntryPoint\",\"urlTemplate\":\"https:\/\/teste.portalentorno.com.br\/?s={search_term_string}\"},\"query-input\":\"required name=search_term_string\"}],\"inLanguage\":\"pt-BR\"},{\"@type\":\"Organization\",\"@id\":\"https:\/\/teste.portalentorno.com.br\/#organization\",\"name\":\"Portal Entorno\",\"url\":\"https:\/\/teste.portalentorno.com.br\/\",\"logo\":{\"@type\":\"ImageObject\",\"inLanguage\":\"pt-BR\",\"@id\":\"https:\/\/teste.portalentorno.com.br\/#\/schema\/logo\/image\/\",\"url\":\"https:\/\/teste.portalentorno.com.br\/wp-content\/uploads\/2023\/12\/logo_branco_novo_transp.png\",\"contentUrl\":\"https:\/\/teste.portalentorno.com.br\/wp-content\/uploads\/2023\/12\/logo_branco_novo_transp.png\",\"width\":256,\"height\":90,\"caption\":\"Portal Entorno\"},\"image\":{\"@id\":\"https:\/\/teste.portalentorno.com.br\/#\/schema\/logo\/image\/\"},\"sameAs\":[\"https:\/\/www.facebook.com.br\/portalentorno\",\"https:\/\/twitter.com\/portalentorno\",\"https:\/\/instagram.com\/portalentorno\"]}]}<\/script>\n<!-- \/ Yoast SEO Premium plugin. -->","yoast_head_json":{"title":"Coronav\u00edrus","description":"A atividade f\u00edsica aumenta em at\u00e9 8 vezes as chances de sobreviv\u00eancia em compara\u00e7\u00e3o com pessoas sedent\u00e1rias.","robots":{"index":"index","follow":"follow","max-snippet":"max-snippet:-1","max-image-preview":"max-image-preview:large","max-video-preview":"max-video-preview:-1"},"canonical":"https:\/\/teste.portalentorno.com.br\/index.php\/noticias\/coronavirus\/","og_locale":"pt_BR","og_type":"article","og_title":"Coronav\u00edrus","og_description":"A atividade f\u00edsica aumenta em at\u00e9 8 vezes as chances de sobreviv\u00eancia em compara\u00e7\u00e3o com pessoas sedent\u00e1rias.","og_url":"https:\/\/teste.portalentorno.com.br\/index.php\/noticias\/coronavirus\/","og_site_name":"ColorMag Dark","article_publisher":"https:\/\/www.facebook.com.br\/portalentorno","og_image":[{"url":"https:\/\/wordpress.autopostorainhadapaz.com.br\/wp-content\/uploads\/2021\/04\/hepatite-392x272.png"}],"twitter_card":"summary_large_image","twitter_site":"@portalentorno","twitter_misc":{"Est. tempo de leitura":"6 minutos"},"schema":{"@context":"https:\/\/schema.org","@graph":[{"@type":"WebPage","@id":"https:\/\/teste.portalentorno.com.br\/index.php\/noticias\/coronavirus\/","url":"https:\/\/teste.portalentorno.com.br\/index.php\/noticias\/coronavirus\/","name":"Coronav\u00edrus","isPartOf":{"@id":"https:\/\/teste.portalentorno.com.br\/#website"},"datePublished":"2021-04-05T00:44:17+00:00","dateModified":"2021-04-05T00:44:17+00:00","description":"A atividade f\u00edsica aumenta em at\u00e9 8 vezes as chances de sobreviv\u00eancia em compara\u00e7\u00e3o com pessoas sedent\u00e1rias.","breadcrumb":{"@id":"https:\/\/teste.portalentorno.com.br\/index.php\/noticias\/coronavirus\/#breadcrumb"},"inLanguage":"pt-BR","potentialAction":[{"@type":"ReadAction","target":["https:\/\/teste.portalentorno.com.br\/index.php\/noticias\/coronavirus\/"]}]},{"@type":"BreadcrumbList","@id":"https:\/\/teste.portalentorno.com.br\/index.php\/noticias\/coronavirus\/#breadcrumb","itemListElement":[{"@type":"ListItem","position":1,"name":"In\u00edcio","item":"https:\/\/teste.portalentorno.com.br\/index.php\/home-2\/"},{"@type":"ListItem","position":2,"name":"Not\u00edcias","item":"https:\/\/teste.portalentorno.com.br\/index.php\/noticias\/"},{"@type":"ListItem","position":3,"name":"Coronav\u00edrus"}]},{"@type":"WebSite","@id":"https:\/\/teste.portalentorno.com.br\/#website","url":"https:\/\/teste.portalentorno.com.br\/","name":"Portal Entorno","description":"","publisher":{"@id":"https:\/\/teste.portalentorno.com.br\/#organization"},"potentialAction":[{"@type":"SearchAction","target":{"@type":"EntryPoint","urlTemplate":"https:\/\/teste.portalentorno.com.br\/?s={search_term_string}"},"query-input":"required name=search_term_string"}],"inLanguage":"pt-BR"},{"@type":"Organization","@id":"https:\/\/teste.portalentorno.com.br\/#organization","name":"Portal Entorno","url":"https:\/\/teste.portalentorno.com.br\/","logo":{"@type":"ImageObject","inLanguage":"pt-BR","@id":"https:\/\/teste.portalentorno.com.br\/#\/schema\/logo\/image\/","url":"https:\/\/teste.portalentorno.com.br\/wp-content\/uploads\/2023\/12\/logo_branco_novo_transp.png","contentUrl":"https:\/\/teste.portalentorno.com.br\/wp-content\/uploads\/2023\/12\/logo_branco_novo_transp.png","width":256,"height":90,"caption":"Portal Entorno"},"image":{"@id":"https:\/\/teste.portalentorno.com.br\/#\/schema\/logo\/image\/"},"sameAs":["https:\/\/www.facebook.com.br\/portalentorno","https:\/\/twitter.com\/portalentorno","https:\/\/instagram.com\/portalentorno"]}]}},"_links":{"self":[{"href":"https:\/\/teste.portalentorno.com.br\/index.php\/wp-json\/wp\/v2\/pages\/2654","targetHints":{"allow":["GET"]}}],"collection":[{"href":"https:\/\/teste.portalentorno.com.br\/index.php\/wp-json\/wp\/v2\/pages"}],"about":[{"href":"https:\/\/teste.portalentorno.com.br\/index.php\/wp-json\/wp\/v2\/types\/page"}],"author":[{"embeddable":true,"href":"https:\/\/teste.portalentorno.com.br\/index.php\/wp-json\/wp\/v2\/users\/1"}],"replies":[{"embeddable":true,"href":"https:\/\/teste.portalentorno.com.br\/index.php\/wp-json\/wp\/v2\/comments?post=2654"}],"version-history":[{"count":0,"href":"https:\/\/teste.portalentorno.com.br\/index.php\/wp-json\/wp\/v2\/pages\/2654\/revisions"}],"up":[{"embeddable":true,"href":"https:\/\/teste.portalentorno.com.br\/index.php\/wp-json\/wp\/v2\/pages\/5284"}],"wp:attachment":[{"href":"https:\/\/teste.portalentorno.com.br\/index.php\/wp-json\/wp\/v2\/media?parent=2654"}],"curies":[{"name":"wp","href":"https:\/\/api.w.org\/{rel}","templated":true}]}}