{"id":48,"date":"2017-12-18T08:55:55","date_gmt":"2017-12-18T08:55:55","guid":{"rendered":"https:\/\/demo.themegrill.com\/colormag-dark\/?page_id=48"},"modified":"2017-12-18T08:55:55","modified_gmt":"2017-12-18T08:55:55","slug":"travel","status":"publish","type":"page","link":"https:\/\/teste.portalentorno.com.br\/index.php\/travel\/","title":{"rendered":"Travel"},"content":{"rendered":"\t\t<div data-elementor-type=\"wp-post\" data-elementor-id=\"48\" class=\"elementor elementor-48 elementor-bc-flex-widget\" data-elementor-post-type=\"page\">\n\t\t\t\t\t\t\t\t\t<section class=\"elementor-section elementor-top-section elementor-element elementor-element-358b952f elementor-section-stretched elementor-section-boxed elementor-section-height-default elementor-section-height-default\" data-id=\"358b952f\" data-element_type=\"section\" data-settings=\"{&quot;stretch_section&quot;:&quot;section-stretched&quot;}\">\n\t\t\t\t\t\t<div class=\"elementor-container elementor-column-gap-default\">\n\t\t\t\t\t<div class=\"elementor-column elementor-col-100 elementor-top-column elementor-element elementor-element-25e8182f\" data-id=\"25e8182f\" data-element_type=\"column\">\n\t\t\t<div class=\"elementor-widget-wrap elementor-element-populated\">\n\t\t\t\t\t\t\t\t<div class=\"elementor-element elementor-element-54a360ec elementor-widget elementor-widget-heading\" data-id=\"54a360ec\" data-element_type=\"widget\" data-widget_type=\"heading.default\">\n\t\t\t\t<div class=\"elementor-widget-container\">\n\t\t\t<style>\/*! elementor - v3.18.0 - 08-12-2023 *\/\n.elementor-heading-title{padding:0;margin:0;line-height:1}.elementor-widget-heading .elementor-heading-title[class*=elementor-size-]>a{color:inherit;font-size:inherit;line-height:inherit}.elementor-widget-heading .elementor-heading-title.elementor-size-small{font-size:15px}.elementor-widget-heading .elementor-heading-title.elementor-size-medium{font-size:19px}.elementor-widget-heading .elementor-heading-title.elementor-size-large{font-size:29px}.elementor-widget-heading .elementor-heading-title.elementor-size-xl{font-size:39px}.elementor-widget-heading .elementor-heading-title.elementor-size-xxl{font-size:59px}<\/style><h2 class=\"elementor-heading-title elementor-size-large\">Travel<\/h2>\t\t<\/div>\n\t\t\t\t<\/div>\n\t\t\t\t\t<\/div>\n\t\t<\/div>\n\t\t\t\t\t\t\t<\/div>\n\t\t<\/section>\n\t\t\t\t<section class=\"elementor-section elementor-top-section elementor-element elementor-element-f3bd380 elementor-section-boxed elementor-section-height-default elementor-section-height-default\" data-id=\"f3bd380\" data-element_type=\"section\">\n\t\t\t\t\t\t<div class=\"elementor-container elementor-column-gap-default\">\n\t\t\t\t\t<div class=\"elementor-column elementor-col-66 elementor-top-column elementor-element elementor-element-52be75cc\" data-id=\"52be75cc\" data-element_type=\"column\">\n\t\t\t<div class=\"elementor-widget-wrap elementor-element-populated\">\n\t\t\t\t\t\t\t\t<div class=\"elementor-element elementor-element-5ac32e9e elementor-widget elementor-widget-ColorMag-Posts-Block-2\" data-id=\"5ac32e9e\" data-element_type=\"widget\" data-widget_type=\"ColorMag-Posts-Block-2.default\">\n\t\t\t\t<div class=\"elementor-widget-container\">\n\t\t\t\r\n\t\t<div class=\"tg-module-block tg-module-wrapper tg-module-block--style-2 tg-fade-in\">\r\n\t\t\t\r\n\t\t\t<div class=\"tg-row\">\r\n\t\t\t\t\r\n\t\t\t\t\t<div class=\"tg-col-control\">\r\n\t\t\t\t\t\t<div class=\"tg_module_block\">\r\n\t\t\t\t\t\t\t\t\t\t\t\t\t\t\t<figure class=\"tg-module-thumb\">\r\n\t\t\t\t\t\t\t\t\t\t\t<a href=\"https:\/\/teste.portalentorno.com.br\/index.php\/2015\/06\/23\/russia-to-host-2018-world-cup\/\" class=\"tg-thumb-link\">\r\n\t\t\t<img fetchpriority=\"high\" decoding=\"async\" width=\"392\" height=\"272\" src=\"https:\/\/teste.portalentorno.com.br\/wp-content\/uploads\/2015\/06\/the-ball-392x272.jpg\" class=\"attachment-colormag-highlighted-post size-colormag-highlighted-post wp-post-image\" alt=\"\" srcset=\"https:\/\/teste.portalentorno.com.br\/wp-content\/uploads\/2015\/06\/the-ball-392x272.jpg 392w, https:\/\/teste.portalentorno.com.br\/wp-content\/uploads\/2015\/06\/the-ball-130x90.jpg 130w, https:\/\/teste.portalentorno.com.br\/wp-content\/uploads\/2015\/06\/the-ball-600x417.jpg 600w\" sizes=\"(max-width: 392px) 100vw, 392px\" \/>\t\t<\/a>\r\n\t\t<div class=\"tg-cm-post-categories\"><a href=\"https:\/\/teste.portalentorno.com.br\/index.php\/category\/futebol\/\" class=\"tg-post-category\" rel=\"category tag\">Futebol<\/a>&nbsp;<a href=\"https:\/\/teste.portalentorno.com.br\/index.php\/category\/sports\/\" class=\"tg-post-category\" rel=\"category tag\">Sports<\/a>&nbsp;<\/div>\t\t\t\t\t\t\t\t<\/figure>\r\n\t\t\t\t\t\t\t\t\r\n\t\t\t\t\t\t\t\t\t<h3 class=\"tg-module-title cm-entry-title\">\r\n\t\t\t<a href=\"https:\/\/teste.portalentorno.com.br\/index.php\/2015\/06\/23\/russia-to-host-2018-world-cup\/\">Russia To Host 2018 World Cup<\/a>\r\n\t\t<\/h3>\r\n\t\t\r\n\t\t<div class=\"tg-module-meta \">\r\n\t\t\t\r\n\t\t\r\n\t\t\t<span class=\"tg-post-date entry-date\">\r\n\t\t\t\t<a href=\"https:\/\/teste.portalentorno.com.br\/index.php\/2015\/06\/23\/russia-to-host-2018-world-cup\/\" rel=\"bookmark\"><time class=\"entry-date published updated\" datetime=\"2015-06-23T07:30:14-03:00\">23 de junho de 2015<\/time><\/a>\t\t\t<\/span>\r\n\r\n\t\t\t\t\t\t<span class=\"tg-post-auther-name author vcard\">\r\n\t\t\t\t<a class=\"url fn n\" href=\"https:\/\/teste.portalentorno.com.br\/index.php\/author\/portalentorno\/\">portalentorno<\/a>\t\t\t<\/span>\r\n\t\t\t\r\n\t\t<\/div>\r\n\r\n\t\t\r\n\t\t\t\t\t\t\t<div class=\"tg-expert cm-entry-summary\">\r\n\t\t\t\t\t\t\t\t<p>Praesent fringilla neque non faucibus congue. Pellentesque euismod purus libero, sed luctus odio mollis sed. Vestibulum ante ipsum primis in<\/p>\n\t\t\t\t\t\t\t<\/div>\r\n\r\n\t\t\t\t\t\t<\/div>\r\n\t\t\t\t\t<\/div>\r\n\r\n\t\t\t\t\t\t\t\t<\/div>\r\n\t\t<\/div>\r\n\r\n\t\t\t\t<\/div>\n\t\t\t\t<\/div>\n\t\t\t\t<div class=\"elementor-element elementor-element-49deb78f elementor-widget elementor-widget-ColorMag-Posts-Block-4\" data-id=\"49deb78f\" data-element_type=\"widget\" data-widget_type=\"ColorMag-Posts-Block-4.default\">\n\t\t\t\t<div class=\"elementor-widget-container\">\n\t\t\t\r\n\t\t<div class=\"tg-module-block tg-module-block--style-4 tg-module-wrapper tg-fade-in\">\r\n\t\t\t\t\t<\/div>\r\n\r\n\t\t\t\t<\/div>\n\t\t\t\t<\/div>\n\t\t\t\t\t<\/div>\n\t\t<\/div>\n\t\t\t\t<div class=\"elementor-column elementor-col-33 elementor-top-column elementor-element elementor-element-6d63875d\" data-id=\"6d63875d\" data-element_type=\"column\">\n\t\t\t<div class=\"elementor-widget-wrap elementor-element-populated\">\n\t\t\t\t\t\t\t\t<div class=\"elementor-element elementor-element-67af597 elementor-widget elementor-widget-heading\" data-id=\"67af597\" data-element_type=\"widget\" data-widget_type=\"heading.default\">\n\t\t\t\t<div class=\"elementor-widget-container\">\n\t\t\t<h6 class=\"elementor-heading-title elementor-size-small\">- Advertisement ( 300*250 ) -<\/h6>\t\t<\/div>\n\t\t\t\t<\/div>\n\t\t\t\t<div class=\"elementor-element elementor-element-4a8b28c9 elementor-widget elementor-widget-wp-widget-colormag_300x250_advertisement_widget\" data-id=\"4a8b28c9\" data-element_type=\"widget\" data-widget_type=\"wp-widget-colormag_300x250_advertisement_widget.default\">\n\t\t\t\t<div class=\"elementor-widget-container\">\n\t\t\t<section class=\"widget cm-728x90-advertisemen-widget clearfix\">\r\n\t\t<div class=\"advertisement_300x250\">\r\n\t\t\t<div class=\"cm-advertisement-content\"><a href=\"#\" class=\"single_ad_300x250\" target=\"_blank\" rel=\"nofollow\"><img decoding=\"async\" src=\"https:\/\/demo.themegrill.com\/colormag-dark\/wp-content\/uploads\/sites\/155\/2017\/12\/colormag-ad-300-250.jpg\" width=\"300\" height=\"250\" alt=\"\"><\/a><\/div>\t\t<\/div>\r\n\r\n\t\t<\/section>\t\t<\/div>\n\t\t\t\t<\/div>\n\t\t\t\t<div class=\"elementor-element elementor-element-3dd9d82 elementor-widget elementor-widget-heading\" data-id=\"3dd9d82\" data-element_type=\"widget\" data-widget_type=\"heading.default\">\n\t\t\t\t<div class=\"elementor-widget-container\">\n\t\t\t<h2 class=\"elementor-heading-title elementor-size-default\">Latest News<\/h2>\t\t<\/div>\n\t\t\t\t<\/div>\n\t\t\t\t<div class=\"elementor-element elementor-element-446d040e elementor-widget elementor-widget-ColorMag-Posts-Block-2\" data-id=\"446d040e\" data-element_type=\"widget\" data-widget_type=\"ColorMag-Posts-Block-2.default\">\n\t\t\t\t<div class=\"elementor-widget-container\">\n\t\t\t\r\n\t\t<div class=\"tg-module-block tg-module-wrapper tg-module-block--style-2 tg-fade-in\">\r\n\t\t\t\r\n\t\t\t<div class=\"tg-row\">\r\n\t\t\t\t\r\n\t\t\t\t\t<div class=\"tg-col-control\">\r\n\t\t\t\t\t\t<div class=\"tg_module_block\">\r\n\t\t\t\t\t\t\t\t\t\t\t\t\t\t\t<figure class=\"tg-module-thumb\">\r\n\t\t\t\t\t\t\t\t\t\t\t<a href=\"https:\/\/teste.portalentorno.com.br\/index.php\/2023\/12\/19\/peach-fuzz-aprenda-a-usar-a-cor-do-ano-escolhida-pela-pantone\/\" class=\"tg-thumb-link\">\r\n\t\t\t\t\t<\/a>\r\n\t\t<div class=\"tg-cm-post-categories\"><a href=\"https:\/\/teste.portalentorno.com.br\/index.php\/category\/fashion\/\" class=\"tg-post-category\" rel=\"category tag\">Fashion<\/a>&nbsp;<\/div>\t\t\t\t\t\t\t\t<\/figure>\r\n\t\t\t\t\t\t\t\t\r\n\t\t\t\t\t\t\t\t\t<h3 class=\"tg-module-title cm-entry-title\">\r\n\t\t\t<a href=\"https:\/\/teste.portalentorno.com.br\/index.php\/2023\/12\/19\/peach-fuzz-aprenda-a-usar-a-cor-do-ano-escolhida-pela-pantone\/\">Peach Fuzz: Aprenda a usar a cor do ano, escolhida pela Pantone<\/a>\r\n\t\t<\/h3>\r\n\t\t\r\n\t\t<div class=\"tg-module-meta \">\r\n\t\t\t\r\n\t\t\r\n\t\t\t<span class=\"tg-post-date entry-date\">\r\n\t\t\t\t<a href=\"https:\/\/teste.portalentorno.com.br\/index.php\/2023\/12\/19\/peach-fuzz-aprenda-a-usar-a-cor-do-ano-escolhida-pela-pantone\/\" rel=\"bookmark\"><time class=\"entry-date published updated\" datetime=\"2023-12-19T11:17:05-03:00\">19 de dezembro de 2023<\/time><\/a>\t\t\t<\/span>\r\n\r\n\t\t\t\t\t\t<span class=\"tg-post-auther-name author vcard\">\r\n\t\t\t\t<a class=\"url fn n\" href=\"https:\/\/teste.portalentorno.com.br\/index.php\/author\/portalentorno\/\">portalentorno<\/a>\t\t\t<\/span>\r\n\t\t\t\r\n\t\t<\/div>\r\n\r\n\t\t\r\n\t\t\t\t\t\t\t<div class=\"tg-expert cm-entry-summary\">\r\n\t\t\t\t\t\t\t\t<p>Marina Gazolla, consultora de imagem e estilo, ensina dicas para inserir a cor nos seus looks de 2024 A Pantone<\/p>\n\t\t\t\t\t\t\t<\/div>\r\n\r\n\t\t\t\t\t\t<\/div>\r\n\t\t\t\t\t<\/div>\r\n\r\n\t\t\t\t\t\t\t\t<\/div>\r\n\t\t<\/div>\r\n\r\n\t\t\t\t<\/div>\n\t\t\t\t<\/div>\n\t\t\t\t<div class=\"elementor-element elementor-element-3f113e66 elementor-widget elementor-widget-ColorMag-Posts-Block-6\" data-id=\"3f113e66\" data-element_type=\"widget\" data-widget_type=\"ColorMag-Posts-Block-6.default\">\n\t\t\t\t<div class=\"elementor-widget-container\">\n\t\t\t\r\n        <div class=\"tg-module-block tg-module-block--style-6 tg-module-wrapper tg-fade-in\">\r\n            \r\n            <div class=\"tg-row\">\r\n                \r\n                    <div class=\"tg_module_block tg_module_block--list-small tg-col-control\">\r\n                                                    <figure class=\"tg-module-thumb\">\r\n                                \t\t<a href=\"https:\/\/teste.portalentorno.com.br\/index.php\/2023\/12\/18\/mara-gabrilli-comemora-a-chegada-do-exoesqueleto-ao-brasil\/\" class=\"tg-thumb-link\">\r\n\t\t\t\t\t<\/a>\r\n\t\t                            <\/figure>\r\n                        \r\n                        <div class=\"tg-module-info\">\r\n                            \t\t<h3 class=\"tg-module-title cm-entry-title\">\r\n\t\t\t<a href=\"https:\/\/teste.portalentorno.com.br\/index.php\/2023\/12\/18\/mara-gabrilli-comemora-a-chegada-do-exoesqueleto-ao-brasil\/\">Mara Gabrilli comemora a chegada do exoesqueleto ao Brasil<\/a>\r\n\t\t<\/h3>\r\n\t\t\r\n\t\t<div class=\"tg-module-meta \">\r\n\t\t\t\r\n\t\t\r\n\t\t\t<span class=\"tg-post-date entry-date\">\r\n\t\t\t\t<a href=\"https:\/\/teste.portalentorno.com.br\/index.php\/2023\/12\/18\/mara-gabrilli-comemora-a-chegada-do-exoesqueleto-ao-brasil\/\" rel=\"bookmark\"><time class=\"entry-date published updated\" datetime=\"2023-12-18T20:59:05-03:00\">18 de dezembro de 2023<\/time><\/a>\t\t\t<\/span>\r\n\r\n\t\t\t\t\t\t<span class=\"tg-post-auther-name author vcard\">\r\n\t\t\t\t<a class=\"url fn n\" href=\"https:\/\/teste.portalentorno.com.br\/index.php\/author\/portalentorno\/\">portalentorno<\/a>\t\t\t<\/span>\r\n\t\t\t\r\n\t\t<\/div>\r\n\r\n\t\t                        <\/div>\r\n                    <\/div>\r\n                \r\n                    <div class=\"tg_module_block tg_module_block--list-small tg-col-control\">\r\n                                                    <figure class=\"tg-module-thumb\">\r\n                                \t\t<a href=\"https:\/\/teste.portalentorno.com.br\/index.php\/2023\/12\/18\/leilao-da-caixa-tem-29-imoveis-na-regiao-centro-oeste-com-descontos-de-ate-55-do-valor-de-avaliacao\/\" class=\"tg-thumb-link\">\r\n\t\t\t\t\t<\/a>\r\n\t\t                            <\/figure>\r\n                        \r\n                        <div class=\"tg-module-info\">\r\n                            \t\t<h3 class=\"tg-module-title cm-entry-title\">\r\n\t\t\t<a href=\"https:\/\/teste.portalentorno.com.br\/index.php\/2023\/12\/18\/leilao-da-caixa-tem-29-imoveis-na-regiao-centro-oeste-com-descontos-de-ate-55-do-valor-de-avaliacao\/\">Leil\u00e3o da Caixa tem 29 im\u00f3veis na regi\u00e3o Centro-Oeste, com descontos de at\u00e9 55% do valor de avalia\u00e7\u00e3o<\/a>\r\n\t\t<\/h3>\r\n\t\t\r\n\t\t<div class=\"tg-module-meta \">\r\n\t\t\t\r\n\t\t\r\n\t\t\t<span class=\"tg-post-date entry-date\">\r\n\t\t\t\t<a href=\"https:\/\/teste.portalentorno.com.br\/index.php\/2023\/12\/18\/leilao-da-caixa-tem-29-imoveis-na-regiao-centro-oeste-com-descontos-de-ate-55-do-valor-de-avaliacao\/\" rel=\"bookmark\"><time class=\"entry-date published updated\" datetime=\"2023-12-18T20:03:43-03:00\">18 de dezembro de 2023<\/time><\/a>\t\t\t<\/span>\r\n\r\n\t\t\t\t\t\t<span class=\"tg-post-auther-name author vcard\">\r\n\t\t\t\t<a class=\"url fn n\" href=\"https:\/\/teste.portalentorno.com.br\/index.php\/author\/portalentorno\/\">portalentorno<\/a>\t\t\t<\/span>\r\n\t\t\t\r\n\t\t<\/div>\r\n\r\n\t\t                        <\/div>\r\n                    <\/div>\r\n                \r\n                    <div class=\"tg_module_block tg_module_block--list-small tg-col-control\">\r\n                                                    <figure class=\"tg-module-thumb\">\r\n                                \t\t<a href=\"https:\/\/teste.portalentorno.com.br\/index.php\/2023\/12\/15\/video-deputado-ucraniano-detona-granadas-durante-reuniao-pelo-menos-26-pessoas-ficaram-feridas-e-uma-morreu\/\" class=\"tg-thumb-link\">\r\n\t\t\t\t\t<\/a>\r\n\t\t                            <\/figure>\r\n                        \r\n                        <div class=\"tg-module-info\">\r\n                            \t\t<h3 class=\"tg-module-title cm-entry-title\">\r\n\t\t\t<a href=\"https:\/\/teste.portalentorno.com.br\/index.php\/2023\/12\/15\/video-deputado-ucraniano-detona-granadas-durante-reuniao-pelo-menos-26-pessoas-ficaram-feridas-e-uma-morreu\/\">V\u00eddeo: deputado ucraniano detona granadas durante reuni\u00e3o; pelo menos 26 pessoas ficaram feridas e uma morreu<\/a>\r\n\t\t<\/h3>\r\n\t\t\r\n\t\t<div class=\"tg-module-meta \">\r\n\t\t\t\r\n\t\t\r\n\t\t\t<span class=\"tg-post-date entry-date\">\r\n\t\t\t\t<a href=\"https:\/\/teste.portalentorno.com.br\/index.php\/2023\/12\/15\/video-deputado-ucraniano-detona-granadas-durante-reuniao-pelo-menos-26-pessoas-ficaram-feridas-e-uma-morreu\/\" rel=\"bookmark\"><time class=\"entry-date published updated\" datetime=\"2023-12-15T12:49:24-03:00\">15 de dezembro de 2023<\/time><\/a>\t\t\t<\/span>\r\n\r\n\t\t\t\t\t\t<span class=\"tg-post-auther-name author vcard\">\r\n\t\t\t\t<a class=\"url fn n\" href=\"https:\/\/teste.portalentorno.com.br\/index.php\/author\/portalentorno\/\">portalentorno<\/a>\t\t\t<\/span>\r\n\t\t\t\r\n\t\t<\/div>\r\n\r\n\t\t                        <\/div>\r\n                    <\/div>\r\n                \r\n                    <div class=\"tg_module_block tg_module_block--list-small tg-col-control\">\r\n                                                    <figure class=\"tg-module-thumb\">\r\n                                \t\t<a href=\"https:\/\/teste.portalentorno.com.br\/index.php\/2023\/12\/14\/2023-em-noticias-conflito-em-gaza-programas-de-tv-e-politica-nacional-sao-os-assuntos-mais-lidos-no-brasil\/\" class=\"tg-thumb-link\">\r\n\t\t\t\t\t<\/a>\r\n\t\t                            <\/figure>\r\n                        \r\n                        <div class=\"tg-module-info\">\r\n                            \t\t<h3 class=\"tg-module-title cm-entry-title\">\r\n\t\t\t<a href=\"https:\/\/teste.portalentorno.com.br\/index.php\/2023\/12\/14\/2023-em-noticias-conflito-em-gaza-programas-de-tv-e-politica-nacional-sao-os-assuntos-mais-lidos-no-brasil\/\">2023 em not\u00edcias: conflito em Gaza, programas de TV e pol\u00edtica nacional s\u00e3o os assuntos mais lidos no Brasil<\/a>\r\n\t\t<\/h3>\r\n\t\t\r\n\t\t<div class=\"tg-module-meta \">\r\n\t\t\t\r\n\t\t\r\n\t\t\t<span class=\"tg-post-date entry-date\">\r\n\t\t\t\t<a href=\"https:\/\/teste.portalentorno.com.br\/index.php\/2023\/12\/14\/2023-em-noticias-conflito-em-gaza-programas-de-tv-e-politica-nacional-sao-os-assuntos-mais-lidos-no-brasil\/\" rel=\"bookmark\"><time class=\"entry-date published updated\" datetime=\"2023-12-14T20:24:06-03:00\">14 de dezembro de 2023<\/time><\/a>\t\t\t<\/span>\r\n\r\n\t\t\t\t\t\t<span class=\"tg-post-auther-name author vcard\">\r\n\t\t\t\t<a class=\"url fn n\" href=\"https:\/\/teste.portalentorno.com.br\/index.php\/author\/portalentorno\/\">portalentorno<\/a>\t\t\t<\/span>\r\n\t\t\t\r\n\t\t<\/div>\r\n\r\n\t\t                        <\/div>\r\n                    <\/div>\r\n                            <\/div>\r\n        <\/div>\r\n\r\n        \t\t<\/div>\n\t\t\t\t<\/div>\n\t\t\t\t\t<\/div>\n\t\t<\/div>\n\t\t\t\t\t\t\t<\/div>\n\t\t<\/section>\n\t\t\t\t\t\t\t<\/div>\n\t\t","protected":false},"excerpt":{"rendered":"<p>Travel Technology&nbsp;Travel&nbsp; Best Travel Apps 2017: Make Traveling a Joy December 26, 2017 TG-Demo Team Comments Off on Best Travel<\/p>\n","protected":false},"author":1,"featured_media":0,"parent":0,"menu_order":0,"comment_status":"closed","ping_status":"closed","template":"","meta":{"footnotes":""},"class_list":["post-48","page","type-page","status-publish","hentry"],"yoast_head":"<!-- This site is optimized with the Yoast SEO Premium plugin v21.7 (Yoast SEO v21.7) - https:\/\/yoast.com\/wordpress\/plugins\/seo\/ -->\n<title>Travel - ColorMag Dark<\/title>\n<meta name=\"robots\" content=\"index, follow, max-snippet:-1, max-image-preview:large, max-video-preview:-1\" \/>\n<link rel=\"canonical\" href=\"https:\/\/teste.portalentorno.com.br\/index.php\/travel\/\" \/>\n<meta property=\"og:locale\" content=\"pt_BR\" \/>\n<meta property=\"og:type\" content=\"article\" \/>\n<meta property=\"og:title\" content=\"Travel\" \/>\n<meta property=\"og:description\" content=\"Travel Technology&nbsp;Travel&nbsp; Best Travel Apps 2017: Make Traveling a Joy December 26, 2017 TG-Demo Team Comments Off on Best Travel\" \/>\n<meta property=\"og:url\" content=\"https:\/\/teste.portalentorno.com.br\/index.php\/travel\/\" \/>\n<meta property=\"og:site_name\" content=\"ColorMag Dark\" \/>\n<meta property=\"article:publisher\" content=\"https:\/\/www.facebook.com.br\/portalentorno\" \/>\n<meta property=\"og:image\" content=\"https:\/\/demo.themegrill.com\/colormag-dark\/wp-content\/uploads\/sites\/155\/2017\/12\/ttravel-mobile-392x272.jpg\" \/>\n<meta name=\"twitter:card\" content=\"summary_large_image\" \/>\n<meta name=\"twitter:site\" content=\"@portalentorno\" \/>\n<meta name=\"twitter:label1\" content=\"Est. tempo de leitura\" \/>\n\t<meta name=\"twitter:data1\" content=\"2 minutos\" \/>\n<script type=\"application\/ld+json\" class=\"yoast-schema-graph\">{\"@context\":\"https:\/\/schema.org\",\"@graph\":[{\"@type\":\"WebPage\",\"@id\":\"https:\/\/teste.portalentorno.com.br\/index.php\/travel\/\",\"url\":\"https:\/\/teste.portalentorno.com.br\/index.php\/travel\/\",\"name\":\"Travel - ColorMag Dark\",\"isPartOf\":{\"@id\":\"https:\/\/teste.portalentorno.com.br\/#website\"},\"datePublished\":\"2017-12-18T08:55:55+00:00\",\"dateModified\":\"2017-12-18T08:55:55+00:00\",\"breadcrumb\":{\"@id\":\"https:\/\/teste.portalentorno.com.br\/index.php\/travel\/#breadcrumb\"},\"inLanguage\":\"pt-BR\",\"potentialAction\":[{\"@type\":\"ReadAction\",\"target\":[\"https:\/\/teste.portalentorno.com.br\/index.php\/travel\/\"]}]},{\"@type\":\"BreadcrumbList\",\"@id\":\"https:\/\/teste.portalentorno.com.br\/index.php\/travel\/#breadcrumb\",\"itemListElement\":[{\"@type\":\"ListItem\",\"position\":1,\"name\":\"In\u00edcio\",\"item\":\"https:\/\/teste.portalentorno.com.br\/index.php\/home-2\/\"},{\"@type\":\"ListItem\",\"position\":2,\"name\":\"Travel\"}]},{\"@type\":\"WebSite\",\"@id\":\"https:\/\/teste.portalentorno.com.br\/#website\",\"url\":\"https:\/\/teste.portalentorno.com.br\/\",\"name\":\"Portal Entorno\",\"description\":\"\",\"publisher\":{\"@id\":\"https:\/\/teste.portalentorno.com.br\/#organization\"},\"potentialAction\":[{\"@type\":\"SearchAction\",\"target\":{\"@type\":\"EntryPoint\",\"urlTemplate\":\"https:\/\/teste.portalentorno.com.br\/?s={search_term_string}\"},\"query-input\":\"required name=search_term_string\"}],\"inLanguage\":\"pt-BR\"},{\"@type\":\"Organization\",\"@id\":\"https:\/\/teste.portalentorno.com.br\/#organization\",\"name\":\"Portal Entorno\",\"url\":\"https:\/\/teste.portalentorno.com.br\/\",\"logo\":{\"@type\":\"ImageObject\",\"inLanguage\":\"pt-BR\",\"@id\":\"https:\/\/teste.portalentorno.com.br\/#\/schema\/logo\/image\/\",\"url\":\"https:\/\/teste.portalentorno.com.br\/wp-content\/uploads\/2023\/12\/logo_branco_novo_transp.png\",\"contentUrl\":\"https:\/\/teste.portalentorno.com.br\/wp-content\/uploads\/2023\/12\/logo_branco_novo_transp.png\",\"width\":256,\"height\":90,\"caption\":\"Portal Entorno\"},\"image\":{\"@id\":\"https:\/\/teste.portalentorno.com.br\/#\/schema\/logo\/image\/\"},\"sameAs\":[\"https:\/\/www.facebook.com.br\/portalentorno\",\"https:\/\/twitter.com\/portalentorno\",\"https:\/\/instagram.com\/portalentorno\"]}]}<\/script>\n<!-- \/ Yoast SEO Premium plugin. -->","yoast_head_json":{"title":"Travel - ColorMag Dark","robots":{"index":"index","follow":"follow","max-snippet":"max-snippet:-1","max-image-preview":"max-image-preview:large","max-video-preview":"max-video-preview:-1"},"canonical":"https:\/\/teste.portalentorno.com.br\/index.php\/travel\/","og_locale":"pt_BR","og_type":"article","og_title":"Travel","og_description":"Travel Technology&nbsp;Travel&nbsp; Best Travel Apps 2017: Make Traveling a Joy December 26, 2017 TG-Demo Team Comments Off on Best Travel","og_url":"https:\/\/teste.portalentorno.com.br\/index.php\/travel\/","og_site_name":"ColorMag Dark","article_publisher":"https:\/\/www.facebook.com.br\/portalentorno","og_image":[{"url":"https:\/\/demo.themegrill.com\/colormag-dark\/wp-content\/uploads\/sites\/155\/2017\/12\/ttravel-mobile-392x272.jpg"}],"twitter_card":"summary_large_image","twitter_site":"@portalentorno","twitter_misc":{"Est. tempo de leitura":"2 minutos"},"schema":{"@context":"https:\/\/schema.org","@graph":[{"@type":"WebPage","@id":"https:\/\/teste.portalentorno.com.br\/index.php\/travel\/","url":"https:\/\/teste.portalentorno.com.br\/index.php\/travel\/","name":"Travel - ColorMag Dark","isPartOf":{"@id":"https:\/\/teste.portalentorno.com.br\/#website"},"datePublished":"2017-12-18T08:55:55+00:00","dateModified":"2017-12-18T08:55:55+00:00","breadcrumb":{"@id":"https:\/\/teste.portalentorno.com.br\/index.php\/travel\/#breadcrumb"},"inLanguage":"pt-BR","potentialAction":[{"@type":"ReadAction","target":["https:\/\/teste.portalentorno.com.br\/index.php\/travel\/"]}]},{"@type":"BreadcrumbList","@id":"https:\/\/teste.portalentorno.com.br\/index.php\/travel\/#breadcrumb","itemListElement":[{"@type":"ListItem","position":1,"name":"In\u00edcio","item":"https:\/\/teste.portalentorno.com.br\/index.php\/home-2\/"},{"@type":"ListItem","position":2,"name":"Travel"}]},{"@type":"WebSite","@id":"https:\/\/teste.portalentorno.com.br\/#website","url":"https:\/\/teste.portalentorno.com.br\/","name":"Portal Entorno","description":"","publisher":{"@id":"https:\/\/teste.portalentorno.com.br\/#organization"},"potentialAction":[{"@type":"SearchAction","target":{"@type":"EntryPoint","urlTemplate":"https:\/\/teste.portalentorno.com.br\/?s={search_term_string}"},"query-input":"required name=search_term_string"}],"inLanguage":"pt-BR"},{"@type":"Organization","@id":"https:\/\/teste.portalentorno.com.br\/#organization","name":"Portal Entorno","url":"https:\/\/teste.portalentorno.com.br\/","logo":{"@type":"ImageObject","inLanguage":"pt-BR","@id":"https:\/\/teste.portalentorno.com.br\/#\/schema\/logo\/image\/","url":"https:\/\/teste.portalentorno.com.br\/wp-content\/uploads\/2023\/12\/logo_branco_novo_transp.png","contentUrl":"https:\/\/teste.portalentorno.com.br\/wp-content\/uploads\/2023\/12\/logo_branco_novo_transp.png","width":256,"height":90,"caption":"Portal Entorno"},"image":{"@id":"https:\/\/teste.portalentorno.com.br\/#\/schema\/logo\/image\/"},"sameAs":["https:\/\/www.facebook.com.br\/portalentorno","https:\/\/twitter.com\/portalentorno","https:\/\/instagram.com\/portalentorno"]}]}},"_links":{"self":[{"href":"https:\/\/teste.portalentorno.com.br\/index.php\/wp-json\/wp\/v2\/pages\/48","targetHints":{"allow":["GET"]}}],"collection":[{"href":"https:\/\/teste.portalentorno.com.br\/index.php\/wp-json\/wp\/v2\/pages"}],"about":[{"href":"https:\/\/teste.portalentorno.com.br\/index.php\/wp-json\/wp\/v2\/types\/page"}],"author":[{"embeddable":true,"href":"https:\/\/teste.portalentorno.com.br\/index.php\/wp-json\/wp\/v2\/users\/1"}],"replies":[{"embeddable":true,"href":"https:\/\/teste.portalentorno.com.br\/index.php\/wp-json\/wp\/v2\/comments?post=48"}],"version-history":[{"count":0,"href":"https:\/\/teste.portalentorno.com.br\/index.php\/wp-json\/wp\/v2\/pages\/48\/revisions"}],"wp:attachment":[{"href":"https:\/\/teste.portalentorno.com.br\/index.php\/wp-json\/wp\/v2\/media?parent=48"}],"curies":[{"name":"wp","href":"https:\/\/api.w.org\/{rel}","templated":true}]}}