{"id":5286,"date":"2021-02-09T11:41:50","date_gmt":"2021-02-09T14:41:50","guid":{"rendered":"https:\/\/demo.themegrill.com\/colormag-dark\/?page_id=364"},"modified":"2021-02-09T11:41:50","modified_gmt":"2021-02-09T14:41:50","slug":"contato","status":"publish","type":"page","link":"https:\/\/teste.portalentorno.com.br\/index.php\/contato\/","title":{"rendered":"Contato"},"content":{"rendered":"\t\t<div data-elementor-type=\"wp-page\" data-elementor-id=\"5286\" class=\"elementor elementor-5286\" data-elementor-post-type=\"page\">\n\t\t\t\t\t\t\t\t\t<section class=\"elementor-section elementor-top-section elementor-element elementor-element-7328bece elementor-section-boxed elementor-section-height-default elementor-section-height-default\" data-id=\"7328bece\" data-element_type=\"section\">\n\t\t\t\t\t\t<div class=\"elementor-container elementor-column-gap-default\">\n\t\t\t\t\t<div class=\"elementor-column elementor-col-100 elementor-top-column elementor-element elementor-element-522e5197\" data-id=\"522e5197\" data-element_type=\"column\">\n\t\t\t<div class=\"elementor-widget-wrap elementor-element-populated\">\n\t\t\t\t\t\t\t\t<div class=\"elementor-element elementor-element-5e179117 elementor-widget elementor-widget-text-editor\" data-id=\"5e179117\" data-element_type=\"widget\" data-widget_type=\"text-editor.default\">\n\t\t\t\t<div class=\"elementor-widget-container\">\n\t\t\t<style>\/*! elementor - v3.18.0 - 08-12-2023 *\/\n.elementor-widget-text-editor.elementor-drop-cap-view-stacked .elementor-drop-cap{background-color:#69727d;color:#fff}.elementor-widget-text-editor.elementor-drop-cap-view-framed .elementor-drop-cap{color:#69727d;border:3px solid;background-color:transparent}.elementor-widget-text-editor:not(.elementor-drop-cap-view-default) .elementor-drop-cap{margin-top:8px}.elementor-widget-text-editor:not(.elementor-drop-cap-view-default) .elementor-drop-cap-letter{width:1em;height:1em}.elementor-widget-text-editor .elementor-drop-cap{float:left;text-align:center;line-height:1;font-size:50px}.elementor-widget-text-editor .elementor-drop-cap-letter{display:inline-block}<\/style>\t\t\t\t<p>Quer anunciar no Portal Entorno?&nbsp;<\/p>\n<p>Tem um Com\u00e9rcio e gostaria de anunciar no Portal Entorno?<\/p>\n<p>Gostaria de sugerir uma reportagem sobre o seu bairro \/ Cidade?<\/p>\n<p>Incluir a sua empresa na nossa \u00e1rea de Business\/Turismo?<\/p>\n<p>Para entrar em contato conosco, por favor envie um email para portalentornodf@gmail.com<br>whatsapp: 61 9 9849-2007<br><br><\/p>\n<p><img fetchpriority=\"high\" decoding=\"async\" class=\"aligncenter wp-image-746 size-medium\" src=\"https:\/\/portalentorno.com.br\/wp-content\/uploads\/2021\/02\/cropped-picture-300x300.png\" alt=\"\" width=\"300\" height=\"300\" srcset=\"https:\/\/teste.portalentorno.com.br\/wp-content\/uploads\/2021\/02\/cropped-picture-300x300.png 300w, https:\/\/teste.portalentorno.com.br\/wp-content\/uploads\/2021\/02\/cropped-picture-150x150.png 150w, https:\/\/teste.portalentorno.com.br\/wp-content\/uploads\/2021\/02\/cropped-picture.png 512w\" sizes=\"(max-width: 300px) 100vw, 300px\" \/><\/p>\t\t\t\t\t\t<\/div>\n\t\t\t\t<\/div>\n\t\t\t\t\t<\/div>\n\t\t<\/div>\n\t\t\t\t\t\t\t<\/div>\n\t\t<\/section>\n\t\t\t\t\t\t\t<\/div>\n\t\t","protected":false},"excerpt":{"rendered":"<p>Quer anunciar no Portal Entorno?&nbsp; Tem um Com\u00e9rcio e gostaria de anunciar no Portal Entorno? Gostaria de sugerir uma reportagem<\/p>\n","protected":false},"author":1,"featured_media":0,"parent":0,"menu_order":0,"comment_status":"closed","ping_status":"closed","template":"page-templates\/contact.php","meta":{"footnotes":""},"class_list":["post-5286","page","type-page","status-publish","hentry"],"yoast_head":"<!-- This site is optimized with the Yoast SEO Premium plugin v21.7 (Yoast SEO v21.7) - https:\/\/yoast.com\/wordpress\/plugins\/seo\/ -->\n<title>Contato - ColorMag Dark<\/title>\n<meta name=\"description\" content=\"Utilize essa p\u00e1gina para entrar em contato conosco ou envie um email pra gente atrav\u00e9s do endere\u00e7o: contato@wordpress.autopostorainhadapaz.com.br\" \/>\n<meta name=\"robots\" content=\"index, follow, max-snippet:-1, max-image-preview:large, max-video-preview:-1\" \/>\n<link rel=\"canonical\" href=\"https:\/\/teste.portalentorno.com.br\/index.php\/contato\/\" \/>\n<meta property=\"og:locale\" content=\"pt_BR\" \/>\n<meta property=\"og:type\" content=\"article\" \/>\n<meta property=\"og:title\" content=\"Contato\" \/>\n<meta property=\"og:description\" content=\"Utilize essa p\u00e1gina para entrar em contato conosco ou envie um email pra gente atrav\u00e9s do endere\u00e7o: contato@wordpress.autopostorainhadapaz.com.br\" \/>\n<meta property=\"og:url\" content=\"https:\/\/teste.portalentorno.com.br\/index.php\/contato\/\" \/>\n<meta property=\"og:site_name\" content=\"ColorMag Dark\" \/>\n<meta property=\"article:publisher\" content=\"https:\/\/www.facebook.com.br\/portalentorno\" \/>\n<meta property=\"og:image\" content=\"https:\/\/portalentorno.com.br\/wp-content\/uploads\/2021\/02\/cropped-picture-300x300.png\" \/>\n<meta name=\"twitter:card\" content=\"summary_large_image\" \/>\n<meta name=\"twitter:site\" content=\"@portalentorno\" \/>\n<meta name=\"twitter:label1\" content=\"Est. tempo de leitura\" \/>\n\t<meta name=\"twitter:data1\" content=\"1 minuto\" \/>\n<script type=\"application\/ld+json\" class=\"yoast-schema-graph\">{\"@context\":\"https:\/\/schema.org\",\"@graph\":[{\"@type\":\"WebPage\",\"@id\":\"https:\/\/teste.portalentorno.com.br\/index.php\/contato\/\",\"url\":\"https:\/\/teste.portalentorno.com.br\/index.php\/contato\/\",\"name\":\"Contato - ColorMag Dark\",\"isPartOf\":{\"@id\":\"https:\/\/teste.portalentorno.com.br\/#website\"},\"datePublished\":\"2021-02-09T14:41:50+00:00\",\"dateModified\":\"2021-02-09T14:41:50+00:00\",\"description\":\"Utilize essa p\u00e1gina para entrar em contato conosco ou envie um email pra gente atrav\u00e9s do endere\u00e7o: contato@wordpress.autopostorainhadapaz.com.br\",\"breadcrumb\":{\"@id\":\"https:\/\/teste.portalentorno.com.br\/index.php\/contato\/#breadcrumb\"},\"inLanguage\":\"pt-BR\",\"potentialAction\":[{\"@type\":\"ReadAction\",\"target\":[\"https:\/\/teste.portalentorno.com.br\/index.php\/contato\/\"]}]},{\"@type\":\"BreadcrumbList\",\"@id\":\"https:\/\/teste.portalentorno.com.br\/index.php\/contato\/#breadcrumb\",\"itemListElement\":[{\"@type\":\"ListItem\",\"position\":1,\"name\":\"In\u00edcio\",\"item\":\"https:\/\/teste.portalentorno.com.br\/index.php\/home-2\/\"},{\"@type\":\"ListItem\",\"position\":2,\"name\":\"Contato\"}]},{\"@type\":\"WebSite\",\"@id\":\"https:\/\/teste.portalentorno.com.br\/#website\",\"url\":\"https:\/\/teste.portalentorno.com.br\/\",\"name\":\"Portal Entorno\",\"description\":\"\",\"publisher\":{\"@id\":\"https:\/\/teste.portalentorno.com.br\/#organization\"},\"potentialAction\":[{\"@type\":\"SearchAction\",\"target\":{\"@type\":\"EntryPoint\",\"urlTemplate\":\"https:\/\/teste.portalentorno.com.br\/?s={search_term_string}\"},\"query-input\":\"required name=search_term_string\"}],\"inLanguage\":\"pt-BR\"},{\"@type\":\"Organization\",\"@id\":\"https:\/\/teste.portalentorno.com.br\/#organization\",\"name\":\"Portal Entorno\",\"url\":\"https:\/\/teste.portalentorno.com.br\/\",\"logo\":{\"@type\":\"ImageObject\",\"inLanguage\":\"pt-BR\",\"@id\":\"https:\/\/teste.portalentorno.com.br\/#\/schema\/logo\/image\/\",\"url\":\"https:\/\/teste.portalentorno.com.br\/wp-content\/uploads\/2023\/12\/logo_branco_novo_transp.png\",\"contentUrl\":\"https:\/\/teste.portalentorno.com.br\/wp-content\/uploads\/2023\/12\/logo_branco_novo_transp.png\",\"width\":256,\"height\":90,\"caption\":\"Portal Entorno\"},\"image\":{\"@id\":\"https:\/\/teste.portalentorno.com.br\/#\/schema\/logo\/image\/\"},\"sameAs\":[\"https:\/\/www.facebook.com.br\/portalentorno\",\"https:\/\/twitter.com\/portalentorno\",\"https:\/\/instagram.com\/portalentorno\"]}]}<\/script>\n<!-- \/ Yoast SEO Premium plugin. -->","yoast_head_json":{"title":"Contato - ColorMag Dark","description":"Utilize essa p\u00e1gina para entrar em contato conosco ou envie um email pra gente atrav\u00e9s do endere\u00e7o: contato@wordpress.autopostorainhadapaz.com.br","robots":{"index":"index","follow":"follow","max-snippet":"max-snippet:-1","max-image-preview":"max-image-preview:large","max-video-preview":"max-video-preview:-1"},"canonical":"https:\/\/teste.portalentorno.com.br\/index.php\/contato\/","og_locale":"pt_BR","og_type":"article","og_title":"Contato","og_description":"Utilize essa p\u00e1gina para entrar em contato conosco ou envie um email pra gente atrav\u00e9s do endere\u00e7o: contato@wordpress.autopostorainhadapaz.com.br","og_url":"https:\/\/teste.portalentorno.com.br\/index.php\/contato\/","og_site_name":"ColorMag Dark","article_publisher":"https:\/\/www.facebook.com.br\/portalentorno","og_image":[{"url":"https:\/\/portalentorno.com.br\/wp-content\/uploads\/2021\/02\/cropped-picture-300x300.png"}],"twitter_card":"summary_large_image","twitter_site":"@portalentorno","twitter_misc":{"Est. tempo de leitura":"1 minuto"},"schema":{"@context":"https:\/\/schema.org","@graph":[{"@type":"WebPage","@id":"https:\/\/teste.portalentorno.com.br\/index.php\/contato\/","url":"https:\/\/teste.portalentorno.com.br\/index.php\/contato\/","name":"Contato - ColorMag Dark","isPartOf":{"@id":"https:\/\/teste.portalentorno.com.br\/#website"},"datePublished":"2021-02-09T14:41:50+00:00","dateModified":"2021-02-09T14:41:50+00:00","description":"Utilize essa p\u00e1gina para entrar em contato conosco ou envie um email pra gente atrav\u00e9s do endere\u00e7o: contato@wordpress.autopostorainhadapaz.com.br","breadcrumb":{"@id":"https:\/\/teste.portalentorno.com.br\/index.php\/contato\/#breadcrumb"},"inLanguage":"pt-BR","potentialAction":[{"@type":"ReadAction","target":["https:\/\/teste.portalentorno.com.br\/index.php\/contato\/"]}]},{"@type":"BreadcrumbList","@id":"https:\/\/teste.portalentorno.com.br\/index.php\/contato\/#breadcrumb","itemListElement":[{"@type":"ListItem","position":1,"name":"In\u00edcio","item":"https:\/\/teste.portalentorno.com.br\/index.php\/home-2\/"},{"@type":"ListItem","position":2,"name":"Contato"}]},{"@type":"WebSite","@id":"https:\/\/teste.portalentorno.com.br\/#website","url":"https:\/\/teste.portalentorno.com.br\/","name":"Portal Entorno","description":"","publisher":{"@id":"https:\/\/teste.portalentorno.com.br\/#organization"},"potentialAction":[{"@type":"SearchAction","target":{"@type":"EntryPoint","urlTemplate":"https:\/\/teste.portalentorno.com.br\/?s={search_term_string}"},"query-input":"required name=search_term_string"}],"inLanguage":"pt-BR"},{"@type":"Organization","@id":"https:\/\/teste.portalentorno.com.br\/#organization","name":"Portal Entorno","url":"https:\/\/teste.portalentorno.com.br\/","logo":{"@type":"ImageObject","inLanguage":"pt-BR","@id":"https:\/\/teste.portalentorno.com.br\/#\/schema\/logo\/image\/","url":"https:\/\/teste.portalentorno.com.br\/wp-content\/uploads\/2023\/12\/logo_branco_novo_transp.png","contentUrl":"https:\/\/teste.portalentorno.com.br\/wp-content\/uploads\/2023\/12\/logo_branco_novo_transp.png","width":256,"height":90,"caption":"Portal Entorno"},"image":{"@id":"https:\/\/teste.portalentorno.com.br\/#\/schema\/logo\/image\/"},"sameAs":["https:\/\/www.facebook.com.br\/portalentorno","https:\/\/twitter.com\/portalentorno","https:\/\/instagram.com\/portalentorno"]}]}},"_links":{"self":[{"href":"https:\/\/teste.portalentorno.com.br\/index.php\/wp-json\/wp\/v2\/pages\/5286","targetHints":{"allow":["GET"]}}],"collection":[{"href":"https:\/\/teste.portalentorno.com.br\/index.php\/wp-json\/wp\/v2\/pages"}],"about":[{"href":"https:\/\/teste.portalentorno.com.br\/index.php\/wp-json\/wp\/v2\/types\/page"}],"author":[{"embeddable":true,"href":"https:\/\/teste.portalentorno.com.br\/index.php\/wp-json\/wp\/v2\/users\/1"}],"replies":[{"embeddable":true,"href":"https:\/\/teste.portalentorno.com.br\/index.php\/wp-json\/wp\/v2\/comments?post=5286"}],"version-history":[{"count":0,"href":"https:\/\/teste.portalentorno.com.br\/index.php\/wp-json\/wp\/v2\/pages\/5286\/revisions"}],"wp:attachment":[{"href":"https:\/\/teste.portalentorno.com.br\/index.php\/wp-json\/wp\/v2\/media?parent=5286"}],"curies":[{"name":"wp","href":"https:\/\/api.w.org\/{rel}","templated":true}]}}